{"id":81,"date":"2016-12-22T14:00:09","date_gmt":"2016-12-22T14:00:09","guid":{"rendered":"http:\/\/www.terra.unimore.it\/scienzenaturali\/?page_id=81"},"modified":"2026-04-20T12:02:26","modified_gmt":"2026-04-20T12:02:26","slug":"a-chi-rivolgerti-se","status":"publish","type":"page","link":"https:\/\/www.scienzenaturali.unimore.it\/?page_id=81","title":{"rendered":"A chi rivolgerti se&#8230;"},"content":{"rendered":"<dl>\n<dt><\/dt>\n<dt><\/dt>\n<dt>&#8230; non sei ancora immatricolato a nessun Corso di Laurea e vuoi <b>informazioni generali<\/b> su questo Corso di Laurea<\/dt>\n<dd>Innanzitutto leggi attentamente tutte le informazioni riportate in questo sito. Se non trovi risposta alla tua domanda puoi contattare\u00a0il Coordinamento Didattico del Dipartimento (didattica.chimgeo@unimore.it) che inoltrer\u00e0 la tua e-mail agli opportuni referenti.<\/dd>\n<dt>&#8230; vuoi ricostruire la tua carriera per <b>valutare un potenziale trasferimento<\/b> verso questo Corso di Laurea provenendo da un altro Corso di Laurea UNIMORE, da un altro Ateneo o essendo gi\u00e0 in possesso di un Titolo di Laurea.<\/dt>\n<dd>E&#8217; necessario inoltrare la domanda di trasferimento agli Uffici Didattici (Segreteria Studenti) ovvero immatricolarsi con richiesta di riconoscimento della carriera pregressa. Il Consiglio di Corso di Studio valuter\u00e0 quali tra gli esami che hai sostenuto possono esserti riconosciuti.<\/dd>\n<dt>&#8230; necessiti di <b>informazioni generali di orientamento<\/b> durante il tuo percorso di laurea (quindi sei regolarmente iscritto al CdS).<\/dt>\n<dd>Innanzitutto leggi attentamente questa pagina. Se non trovi la risposta puoi contattare il Coordinamento Didattico del Dipartimento (didattica.chimgeo@unimore.it).<\/dd>\n<dt>&#8230; hai un problema a ricostruire la tua <b>carriera studentesca<\/b> (ad esempio non riesci a preparare il piano di studio, non ti torna il conteggio finale dei CFU, etc).<\/dt>\n<dd>Contatta innanzitutto la segreteria studenti, oppure il Coordinamento Didattico del Dipartimento (didattica.chimgeo@unimore.it).<\/dd>\n<dt>&#8230; non trovi un esame sul <b>libretto elettronico<\/b>, oppure hai altri problemi col libretto elettronico.<\/dt>\n<dd>Se non ci sono motivate urgenze, aspetta che siano trascorse almeno due settimane dalla data in cui \u00e8 stato sostenuto l&#8217;esame. In seguito contatta il docente con cui hai sostenuto l&#8217;esame e verifica se \u00e8 stata effettuata correttamente la registrazione. Se la registrazione \u00e8 stata eseguita e il problema non \u00e8 risolto allora contatta il Coordinamento Didattico del Dipartimento (didattica.chimgeo@unimore.it) oppure la segreteria studenti.<\/dd>\n<dt>&#8230; hai problemi con <b>ESSE3<\/b>.<\/dt>\n<dd>Puoi esclusivamente contattare il <a href=\"http:\/\/www.esse3.unimore.it\/ComunicazioniHelpDeskForm.do\">web-help<\/a>.<\/dd>\n<dt>&#8230; vuoi informazioni scientifiche su dove poter effettuare il <b>tirocinio esterno\/interno.<\/b><\/dt>\n<dd>Contatta i referenti per il tirocinio (Chiara Fioroni, settori GEO; Antonio Todaro, settori BIO). Puoi inoltre contattare l&#8217;ufficio tirocini. <a href=\"https:\/\/www.scienzenaturali.unimore.it\/?page_id=89&amp;lang=it\">Qui<\/a> puoi trovare ulteriori informazioni relativi al tirocinio.<\/dd>\n<dt>&#8230; vuoi informazioni tecniche (tempi, cfu, etc) sul <b>tirocinio esterno\/interno<\/b>.<\/dt>\n<dd>Devi contattare l&#8217;ufficio tirocini (didattica.chimgeo@unimore.it). <a href=\"http:\/\/www.dscg.unimore.it\/site\/home\/didattica\/tirocinio-e-stages.html\">Qui<\/a> puoi trovare ulteriori informazioni sulla soluzione dei problemi relativi al tirocinio.<\/dd>\n<dt>&#8230; hai problemi con l&#8217;iscrizione e\/o registrazione dell&#8217;<b>esame di inglese.<\/b><\/dt>\n<dd>Contatta il Coordinamento Didattico del Dipartimento (didattica.chimgeo@unimore.it).<\/dd>\n<dt>&#8230; non sai le <b>date degli appelli di laurea.<\/b><\/dt>\n<dd>Normalmente sono pubblicati con largo anticipo in <a href=\"https:\/\/www.esse3.unimore.it\/BachecaAppelliDCT.do\">Esse3<\/a> oppure nella pagina relativa alla <a href=\"https:\/\/www.dscg.unimore.it\/it\/didattica\/organizzazione-didattica\">Organizzazione Didattica<\/a> del Dipartimento di Scienze Chimiche e Geologiche. Qualora non fossero ancora pubblicati ed hai necessit\u00e0 di saperli contatta il Coordinamento Didattico del Dipartimento (didattica.chimgeo@unimore.it).<\/dd>\n<dt>&#8230; non sai <b>orari ed aula dell&#8217;appello di laurea<\/b> a cui ti sei iscritto.<\/dt>\n<dd>Purtroppo questi vengono spesso decisi a ridosso dell&#8217;appello stesso poich\u00e9 occorre conoscere con certezza l&#8217;effettiva disponibilit\u00e0 dell&#8217;aula, se ci sono particolari richieste a riguardo, e la disponibilit\u00e0 dei docenti che comporranno la Commissione. Tuttavia queste informazioni vengono comunicate con qualche giorno di anticipo al Relatore della tua tesi. Puoi pertanto rivolgerti a lui.<\/dd>\n<dt>&#8230; non sai in che <b>ordine i candidati esporranno la loro tesi<\/b> e quindi quando toccher\u00e0 a te.<\/dt>\n<dd>Normalmente si procede secondo l&#8217;ordine fornito dagli uffici didattici. RICORDA PERO&#8217; CHE l&#8217;orario di convocazione \u00e8 lo stesso per tutti i candidati; questo significa che se la convocazione della seduta di Laurea \u00e8 fissata, ad esempio, per le 9.00 tutti i candidati alle 9.00 devono essere presenti nell&#8217;aula in cui \u00e8 fissata la prova, indipendentemente che siano i primi o gli ultimi a sostenere l&#8217;esame. Se, e soltanto se, sussistono <strong>motivate esigenze<\/strong> per dover posticipare\/anticipare la propria presentazione rispetto l&#8217;ordine prefissato, allora parlane con il tuo relatore che si accorder\u00e0 con il Presidente della Commissione di Laurea.<\/dd>\n<dd><\/dd>\n<\/dl>\n","protected":false},"excerpt":{"rendered":"<p>&#8230; non sei ancora immatricolato a nessun Corso di Laurea e vuoi informazioni generali su questo Corso di Laurea Innanzitutto leggi attentamente tutte le informazioni riportate in questo sito. Se non trovi risposta alla tua domanda puoi contattare\u00a0il Coordinamento Didattico del Dipartimento (didattica.chimgeo@unimore.it) che inoltrer\u00e0 la tua e-mail agli opportuni\u2026<\/p>\n<p class=\"continue-reading-button\"> <a class=\"continue-reading-link\" href=\"https:\/\/www.scienzenaturali.unimore.it\/?page_id=81\">Continue reading<i class=\"crycon-right-dir\"><\/i><\/a><\/p>\n","protected":false},"author":4,"featured_media":0,"parent":126,"menu_order":10,"comment_status":"closed","ping_status":"closed","template":"","meta":{"footnotes":""},"class_list":["post-81","page","type-page","status-publish","hentry"],"_links":{"self":[{"href":"https:\/\/www.scienzenaturali.unimore.it\/index.php?rest_route=\/wp\/v2\/pages\/81","targetHints":{"allow":["GET"]}}],"collection":[{"href":"https:\/\/www.scienzenaturali.unimore.it\/index.php?rest_route=\/wp\/v2\/pages"}],"about":[{"href":"https:\/\/www.scienzenaturali.unimore.it\/index.php?rest_route=\/wp\/v2\/types\/page"}],"author":[{"embeddable":true,"href":"https:\/\/www.scienzenaturali.unimore.it\/index.php?rest_route=\/wp\/v2\/users\/4"}],"replies":[{"embeddable":true,"href":"https:\/\/www.scienzenaturali.unimore.it\/index.php?rest_route=%2Fwp%2Fv2%2Fcomments&post=81"}],"version-history":[{"count":23,"href":"https:\/\/www.scienzenaturali.unimore.it\/index.php?rest_route=\/wp\/v2\/pages\/81\/revisions"}],"predecessor-version":[{"id":2198,"href":"https:\/\/www.scienzenaturali.unimore.it\/index.php?rest_route=\/wp\/v2\/pages\/81\/revisions\/2198"}],"up":[{"embeddable":true,"href":"https:\/\/www.scienzenaturali.unimore.it\/index.php?rest_route=\/wp\/v2\/pages\/126"}],"wp:attachment":[{"href":"https:\/\/www.scienzenaturali.unimore.it\/index.php?rest_route=%2Fwp%2Fv2%2Fmedia&parent=81"}],"curies":[{"name":"wp","href":"https:\/\/api.w.org\/{rel}","templated":true}]}}