{"id":25,"date":"2016-12-22T10:19:04","date_gmt":"2016-12-22T10:19:04","guid":{"rendered":"http:\/\/www.terra.unimore.it\/scienzenaturali\/?page_id=25"},"modified":"2025-10-06T07:18:07","modified_gmt":"2025-10-06T07:18:07","slug":"immatricolazioni","status":"publish","type":"page","link":"https:\/\/www.scienzenaturali.unimore.it\/?page_id=25","title":{"rendered":"Immatricolazioni"},"content":{"rendered":"<h2>Iscrizioni all&#8217;Universit\u00e0 di Modena e Reggio Emilia<\/h2>\n<p>Per accedere ai corsi di studio offerti da UNIMORE occorre iscriversi. Le modalit\u00e0 e i requisiti richiesti per l&#8217;ammissione dipendono dalla tipologia di corso scelto. Per l&#8217;accesso ai corsi di Laurea (di durata triennale) occorre essere in possesso di un <strong>diploma di scuola superiore di durata quinquennale<\/strong> (maturit\u00e0). Il periodo utile per effettuare l&#8217;iscrizione va di norma dalla met\u00e0 di luglio alla met\u00e0 di ottobre. Consulta la <a href=\"https:\/\/www.unimore.it\/it\/didattica\/immatricolazioni-e-iscrizioni\">pagina di Ateneo<\/a> per ulteriori informazioni.<\/p>\n<p>Se sei interessato consulta inoltre le informazioni relative <a href=\"https:\/\/www.scienzenaturali.unimore.it\/?page_id=1662&amp;lang=it\">all&#8217;iscrizione part-time<\/a><\/p>\n<p>&nbsp;<\/p>\n","protected":false},"excerpt":{"rendered":"<p>Iscrizioni all&#8217;Universit\u00e0 di Modena e Reggio Emilia Per accedere ai corsi di studio offerti da UNIMORE occorre iscriversi. Le modalit\u00e0 e i requisiti richiesti per l&#8217;ammissione dipendono dalla tipologia di corso scelto. Per l&#8217;accesso ai corsi di Laurea (di durata triennale) occorre essere in possesso di un diploma di scuola\u2026<\/p>\n<p class=\"continue-reading-button\"> <a class=\"continue-reading-link\" href=\"https:\/\/www.scienzenaturali.unimore.it\/?page_id=25\">Continue reading<i class=\"crycon-right-dir\"><\/i><\/a><\/p>\n","protected":false},"author":4,"featured_media":0,"parent":63,"menu_order":10,"comment_status":"closed","ping_status":"closed","template":"","meta":{"footnotes":""},"class_list":["post-25","page","type-page","status-publish","hentry"],"_links":{"self":[{"href":"https:\/\/www.scienzenaturali.unimore.it\/index.php?rest_route=\/wp\/v2\/pages\/25","targetHints":{"allow":["GET"]}}],"collection":[{"href":"https:\/\/www.scienzenaturali.unimore.it\/index.php?rest_route=\/wp\/v2\/pages"}],"about":[{"href":"https:\/\/www.scienzenaturali.unimore.it\/index.php?rest_route=\/wp\/v2\/types\/page"}],"author":[{"embeddable":true,"href":"https:\/\/www.scienzenaturali.unimore.it\/index.php?rest_route=\/wp\/v2\/users\/4"}],"replies":[{"embeddable":true,"href":"https:\/\/www.scienzenaturali.unimore.it\/index.php?rest_route=%2Fwp%2Fv2%2Fcomments&post=25"}],"version-history":[{"count":9,"href":"https:\/\/www.scienzenaturali.unimore.it\/index.php?rest_route=\/wp\/v2\/pages\/25\/revisions"}],"predecessor-version":[{"id":2161,"href":"https:\/\/www.scienzenaturali.unimore.it\/index.php?rest_route=\/wp\/v2\/pages\/25\/revisions\/2161"}],"up":[{"embeddable":true,"href":"https:\/\/www.scienzenaturali.unimore.it\/index.php?rest_route=\/wp\/v2\/pages\/63"}],"wp:attachment":[{"href":"https:\/\/www.scienzenaturali.unimore.it\/index.php?rest_route=%2Fwp%2Fv2%2Fmedia&parent=25"}],"curies":[{"name":"wp","href":"https:\/\/api.w.org\/{rel}","templated":true}]}}