{"id":236,"date":"2016-12-23T09:07:02","date_gmt":"2016-12-23T09:07:02","guid":{"rendered":"http:\/\/www.terra.unimore.it\/scienzenaturali\/?page_id=236"},"modified":"2024-01-11T09:38:00","modified_gmt":"2024-01-11T09:38:00","slug":"miniere-di-ca-marsilio-e-ca-gabriele-montecreto","status":"publish","type":"page","link":"https:\/\/www.scienzenaturali.unimore.it\/?page_id=236","title":{"rendered":"Miniere di Ca&#8217; Marsilio e Ca&#8217; Gabriele (Montecreto)"},"content":{"rendered":"<p>L&#8217;attivit\u00e0 estrattiva in queste miniere, conosciute anche come miniere di Montecreto, \u00e8 prevalentemente avvenuta durante gli anni della seconda guerra mondiale. In base ai documenti di concessione ancora conservati, i primi lavori di sfruttamento iniziarono nel 1939 con 22 operai. In quell&#8217;anno furono estratte circa 500 tonnellate di materiale, proveniente da pi\u00f9 gallerie. Dopo un anno la concessione fu trasferita ad un&#8217;altra societ\u00e0, che incrementando il numero di pozzi e di trincee aument\u00f2 la produzione. Nel 1942 l&#8217;attivit\u00e0 fu ceduta alla FIAT e nel 1948 fu definitivamente chiusa. Alcune gallerie, a Ca&#8217; Marsilio e a Ca&#8217; Gabriele, sono state scavate nella roccia con armatura; alcune sono ancora transitabili senza rischio, mentre altre sono allagate o ostruite da frane interne o esterne.<\/p>\n","protected":false},"excerpt":{"rendered":"<p>L&#8217;attivit\u00e0 estrattiva in queste miniere, conosciute anche come miniere di Montecreto, \u00e8 prevalentemente avvenuta durante gli anni della seconda guerra mondiale. In base ai documenti di concessione ancora conservati, i primi lavori di sfruttamento iniziarono nel 1939 con 22 operai. In quell&#8217;anno furono estratte circa 500 tonnellate di materiale, proveniente\u2026<\/p>\n<p class=\"continue-reading-button\"> <a class=\"continue-reading-link\" href=\"https:\/\/www.scienzenaturali.unimore.it\/?page_id=236\">Continue reading<i class=\"crycon-right-dir\"><\/i><\/a><\/p>\n","protected":false},"author":4,"featured_media":0,"parent":19,"menu_order":0,"comment_status":"closed","ping_status":"closed","template":"","meta":{"footnotes":""},"class_list":["post-236","page","type-page","status-publish","hentry"],"_links":{"self":[{"href":"https:\/\/www.scienzenaturali.unimore.it\/index.php?rest_route=\/wp\/v2\/pages\/236","targetHints":{"allow":["GET"]}}],"collection":[{"href":"https:\/\/www.scienzenaturali.unimore.it\/index.php?rest_route=\/wp\/v2\/pages"}],"about":[{"href":"https:\/\/www.scienzenaturali.unimore.it\/index.php?rest_route=\/wp\/v2\/types\/page"}],"author":[{"embeddable":true,"href":"https:\/\/www.scienzenaturali.unimore.it\/index.php?rest_route=\/wp\/v2\/users\/4"}],"replies":[{"embeddable":true,"href":"https:\/\/www.scienzenaturali.unimore.it\/index.php?rest_route=%2Fwp%2Fv2%2Fcomments&post=236"}],"version-history":[{"count":3,"href":"https:\/\/www.scienzenaturali.unimore.it\/index.php?rest_route=\/wp\/v2\/pages\/236\/revisions"}],"predecessor-version":[{"id":1922,"href":"https:\/\/www.scienzenaturali.unimore.it\/index.php?rest_route=\/wp\/v2\/pages\/236\/revisions\/1922"}],"up":[{"embeddable":true,"href":"https:\/\/www.scienzenaturali.unimore.it\/index.php?rest_route=\/wp\/v2\/pages\/19"}],"wp:attachment":[{"href":"https:\/\/www.scienzenaturali.unimore.it\/index.php?rest_route=%2Fwp%2Fv2%2Fmedia&parent=236"}],"curies":[{"name":"wp","href":"https:\/\/api.w.org\/{rel}","templated":true}]}}