{"id":1948,"date":"2024-01-30T10:30:16","date_gmt":"2024-01-30T10:30:16","guid":{"rendered":"https:\/\/www.scienzenaturali.unimore.it\/?page_id=1948"},"modified":"2024-01-30T12:34:21","modified_gmt":"2024-01-30T12:34:21","slug":"esame-di-laurea","status":"publish","type":"page","link":"https:\/\/www.scienzenaturali.unimore.it\/?page_id=1948","title":{"rendered":"Esame di laurea"},"content":{"rendered":"<p>Se sei arrivato a questo punto certamente avrai gi\u00e0 letto quanto riportato relativamente agli <a href=\"https:\/\/www.scienzenaturali.unimore.it\/?page_id=95\">adempimenti necessari per laurearti<\/a> ed alla <a href=\"https:\/\/www.scienzenaturali.unimore.it\/?page_id=128\">tesi di laurea<\/a>. Di seguito sono elencate alcune semplici istruzioni da seguire il giorno dell&#8217;esame di laurea.<\/p>\n<p>Orari ed aula di svolgimento sono riportati nella Convocazione che puoi trovare sul sito del DSCG (<a href=\"https:\/\/www.dscg.unimore.it\/site\/home\/archivio-avvisi.html\">sezione avvisi<\/a>) oppure che ti ha inoltrato il tuo Relatore\/Correlatore a cui puoi comunque rivolgerti per ogni dubbio.<\/p>\n<p>Ricordati di arrivare almeno 15 minuti prima dell\u2019orario di inizio seduta (indicato nella convocazione) per potere caricare la tua presentazione nel PC dell\u2019aula che \u00e8 dotato di software MS-Office ultima versione. <strong>Non \u00e8 possibile caricare la propria presentazione tra un candidato ed il successivo e\/o collegare il proprio PC (in nessun momento). <\/strong>Per questa ragione anche se non sei il primo ad esporre la tesi dovrai comunque arrivare prima dell&#8217;inizio della seduta di laurea.<strong><br \/>\n<\/strong><\/p>\n<p>Per la tua presentazione hai a disposizione 15 minuti che comprendono anche eventuali domande da parte della Commissione. Ti suggeriamo pertanto di preparare una\u00a0 presentazione della durata di non oltre 11-12 minuti.<\/p>\n<p>Una volta iniziata la seduta di laurea, <strong>si raccomanda di entrare ed uscire dall\u2019aula solo tra una presentazione e l\u2019altra<\/strong> e non durante le esposizioni poich\u00e9 questo comportamento arrecherebbe un notevole disturbo ai tuoi colleghi. Per la stessa ragione durante la permanenza nei corridori parlare sottovoce (inoltre, nelle aule attigue, potrebbero essere in corso lezioni, esami, etc).<\/p>\n<p>Sebbene non richiesto dal regolamento del Corso di Studio (e quindi non obbligatorio) \u00e8 prassi che i laureandi portino il giorno dell&#8217;esame una copia cartacea della tesi di cui la commissione pu\u00f2 prendere ulteriore visione; questa copia della tesi \u00e8 di tua propriet\u00e0 e puoi riprenderla al termine dell&#8217;esame.<\/p>\n<p>Ti raccomandiamo di istruire i tuoi invitati sul comportamento da tenere prima, durante e dopo l&#8217;esame di laurea. <strong>Ci teniamo a sottolineare che, anche all&#8217;esterno dell&#8217;edificio, sono da evitare comportamenti inopportuni (ad esempio lancio di coriandoli, stelle filanti, altro materiale imbrattante, petardi, etc.)<\/strong>. Potete quindi festeggiare nel rispetto delle regole vigenti, ma <strong>a terra non deve rimanere alcun rifiuto!<\/strong><\/p>\n<p>Per ogni dubbio o richiesta rivolgiti al tuo Relatore che provveder\u00e0 a metterisi in contatto con il Presidente della Seduta di Laurea.<\/p>\n<p>&nbsp;<\/p>\n","protected":false},"excerpt":{"rendered":"<p>Se sei arrivato a questo punto certamente avrai gi\u00e0 letto quanto riportato relativamente agli adempimenti necessari per laurearti ed alla tesi di laurea. Di seguito sono elencate alcune semplici istruzioni da seguire il giorno dell&#8217;esame di laurea. Orari ed aula di svolgimento sono riportati nella Convocazione che puoi trovare sul\u2026<\/p>\n<p class=\"continue-reading-button\"> <a class=\"continue-reading-link\" href=\"https:\/\/www.scienzenaturali.unimore.it\/?page_id=1948\">Continue reading<i class=\"crycon-right-dir\"><\/i><\/a><\/p>\n","protected":false},"author":6,"featured_media":0,"parent":63,"menu_order":90,"comment_status":"closed","ping_status":"closed","template":"","meta":{"footnotes":""},"class_list":["post-1948","page","type-page","status-publish","hentry"],"_links":{"self":[{"href":"https:\/\/www.scienzenaturali.unimore.it\/index.php?rest_route=\/wp\/v2\/pages\/1948","targetHints":{"allow":["GET"]}}],"collection":[{"href":"https:\/\/www.scienzenaturali.unimore.it\/index.php?rest_route=\/wp\/v2\/pages"}],"about":[{"href":"https:\/\/www.scienzenaturali.unimore.it\/index.php?rest_route=\/wp\/v2\/types\/page"}],"author":[{"embeddable":true,"href":"https:\/\/www.scienzenaturali.unimore.it\/index.php?rest_route=\/wp\/v2\/users\/6"}],"replies":[{"embeddable":true,"href":"https:\/\/www.scienzenaturali.unimore.it\/index.php?rest_route=%2Fwp%2Fv2%2Fcomments&post=1948"}],"version-history":[{"count":5,"href":"https:\/\/www.scienzenaturali.unimore.it\/index.php?rest_route=\/wp\/v2\/pages\/1948\/revisions"}],"predecessor-version":[{"id":1953,"href":"https:\/\/www.scienzenaturali.unimore.it\/index.php?rest_route=\/wp\/v2\/pages\/1948\/revisions\/1953"}],"up":[{"embeddable":true,"href":"https:\/\/www.scienzenaturali.unimore.it\/index.php?rest_route=\/wp\/v2\/pages\/63"}],"wp:attachment":[{"href":"https:\/\/www.scienzenaturali.unimore.it\/index.php?rest_route=%2Fwp%2Fv2%2Fmedia&parent=1948"}],"curies":[{"name":"wp","href":"https:\/\/api.w.org\/{rel}","templated":true}]}}