{"id":1939,"date":"2024-01-16T10:18:22","date_gmt":"2024-01-16T10:18:22","guid":{"rendered":"https:\/\/www.scienzenaturali.unimore.it\/?page_id=1939"},"modified":"2024-01-16T10:24:19","modified_gmt":"2024-01-16T10:24:19","slug":"la-laurea-in-scienze-naturali-2","status":"publish","type":"page","link":"https:\/\/www.scienzenaturali.unimore.it\/?page_id=1939","title":{"rendered":"La laurea in Scienze Naturali"},"content":{"rendered":"<p><strong>Il Corso in breve<\/strong>. Se vivi attivamente il contatto con la natura ed osservi il paesaggio che ti circonda con attenzione e curiosit\u00e0, questo \u00e8 il Corso di laurea che fa per te! Il Corso di laurea in Scienze naturali forma, infatti, naturalisti professionisti. Esso offre una formazione culturale moderna e completa orientata ad una visione sistemica dell\u2019ambiente naturale, descritto e interpretato attraverso l&#8217;applicazione del metodo scientifico. Il Corso di laurea in Scienze naturali prepara allo svolgimento di attivit\u00e0 di rilevamento, classificazione e interpretazione delle componenti abiotiche e biotiche presenti negli ecosistemi naturali e fornisce le basi scientifiche per formulare proposte di gestione, conservazione e ripristino dei sistemi naturali. Finalit\u00e0 primaria \u00e8 preparare laureati in grado di operare nella realt\u00e0 complessa degli ambienti naturali e del cambiamento climatico dove interagiscono innumerevoli fattori, attraverso una figura che abbia conoscenze e competenze interdisciplinari.<\/p>\n<p><strong>Cosa si diventa<\/strong>. La laurea in Scienze naturali prepara <a href=\"https:\/\/www.scienzenaturali.unimore.it\/?page_id=15\">l&#8217;accesso a differenti ambiti professionali<\/a> quali Tecnici del controllo ambientale, Tecnici agronomi e forestali, Guide e accompagnatori specializzati, insegnanti nella formazione professionale e assimilati, Tecnici dei musei, delle biblioteche e assimilati. Consente <a href=\"https:\/\/www.scienzenaturali.unimore.it\/?page_id=13\">l\u2019iscrizione agli albi professionali<\/a> e l\u2019esercizio delle relative professioni: ordine degli architetti, pianificatori, paesaggisti e conservatori, Sezione B-settore pianificazione (titolo di pianificatore junior); ordine dei biologi, Sezione B (titolo di biologo junior); albo degli agrotecnici e periti agrari laureati. La laurea in Scienze naturali permette di accedere senza debiti formativi alla Laurea magistrale UNIMORE di recente istituzione in Didattica e Comunicazione delle Scienze (LM-60), che rappresenta la coerente continuazione del percorso triennale, oltre ad altre lauree magistrali di tipo scientifico o tecnologico. Permette inoltre l&#8217;accesso a master universitari di primo livello.<\/p>\n","protected":false},"excerpt":{"rendered":"<p>Il Corso in breve. Se vivi attivamente il contatto con la natura ed osservi il paesaggio che ti circonda con attenzione e curiosit\u00e0, questo \u00e8 il Corso di laurea che fa per te! Il Corso di laurea in Scienze naturali forma, infatti, naturalisti professionisti. Esso offre una formazione culturale moderna\u2026<\/p>\n<p class=\"continue-reading-button\"> <a class=\"continue-reading-link\" href=\"https:\/\/www.scienzenaturali.unimore.it\/?page_id=1939\">Continue reading<i class=\"crycon-right-dir\"><\/i><\/a><\/p>\n","protected":false},"author":6,"featured_media":0,"parent":7,"menu_order":1,"comment_status":"closed","ping_status":"closed","template":"","meta":{"footnotes":""},"class_list":["post-1939","page","type-page","status-publish","hentry"],"_links":{"self":[{"href":"https:\/\/www.scienzenaturali.unimore.it\/index.php?rest_route=\/wp\/v2\/pages\/1939","targetHints":{"allow":["GET"]}}],"collection":[{"href":"https:\/\/www.scienzenaturali.unimore.it\/index.php?rest_route=\/wp\/v2\/pages"}],"about":[{"href":"https:\/\/www.scienzenaturali.unimore.it\/index.php?rest_route=\/wp\/v2\/types\/page"}],"author":[{"embeddable":true,"href":"https:\/\/www.scienzenaturali.unimore.it\/index.php?rest_route=\/wp\/v2\/users\/6"}],"replies":[{"embeddable":true,"href":"https:\/\/www.scienzenaturali.unimore.it\/index.php?rest_route=%2Fwp%2Fv2%2Fcomments&post=1939"}],"version-history":[{"count":1,"href":"https:\/\/www.scienzenaturali.unimore.it\/index.php?rest_route=\/wp\/v2\/pages\/1939\/revisions"}],"predecessor-version":[{"id":1940,"href":"https:\/\/www.scienzenaturali.unimore.it\/index.php?rest_route=\/wp\/v2\/pages\/1939\/revisions\/1940"}],"up":[{"embeddable":true,"href":"https:\/\/www.scienzenaturali.unimore.it\/index.php?rest_route=\/wp\/v2\/pages\/7"}],"wp:attachment":[{"href":"https:\/\/www.scienzenaturali.unimore.it\/index.php?rest_route=%2Fwp%2Fv2%2Fmedia&parent=1939"}],"curies":[{"name":"wp","href":"https:\/\/api.w.org\/{rel}","templated":true}]}}