{"id":15,"date":"2016-12-22T10:16:10","date_gmt":"2016-12-22T10:16:10","guid":{"rendered":"http:\/\/www.terra.unimore.it\/scienzenaturali\/?page_id=15"},"modified":"2024-04-22T08:12:36","modified_gmt":"2024-04-22T08:12:36","slug":"sbocchi-professionali","status":"publish","type":"page","link":"https:\/\/www.scienzenaturali.unimore.it\/?page_id=15","title":{"rendered":"Sbocchi professionali"},"content":{"rendered":"<p>Finalit\u00e0 di questo percorso (Classe L-32) \u00e8 preparare laureati in grado di operare in una realt\u00e0 complessa come quella degli ambienti naturali dove interagiscono fattori a variabilit\u00e0 multipla, attraverso una figura che abbia conoscenze e competenze largamente interdisciplinari. Il corso \u00e8 stato inoltre pensato in modo da fornire una solida preparazione di base su cui fondare gli studi pi\u00f9 avanzati che caratterizzano le lauree magistrali ad esso correlate; i laureati triennali in Scienze Naturali UniMORE possono infatti accedere senza (o minimi) debiti formativi alla maggior parte delle lauree magistrali delle classi LM-06, LM-60, LM-69, LM-74, LM-75.<\/p>\n<p>Chi decidesse di non proseguire gli studi oppure di intraprendere, al contempo, anche una attivit\u00e0 lavorativa, potr\u00e0 svolgere attivit\u00e0 professionali nel campo della raccolta, rappresentazione ed interpretazione dei dati naturalistici necessari per la gestione e la salvaguardia dell&#8217;ambiente (monitoraggi ambientali, bonifiche, valutazioni e certificazioni ambientali) ed attivit\u00e0 di formazione e divulgazione naturalistica in enti pubblici o settori privati che operano per la tutela e la valorizzazione del patrimonio naturale. La laurea di primo livello in Scienze Naturali \u00e8 infatti pensata per fornirti le basi per lo svolgimento delle seguenti professioni: architetto paesaggista, biologo, botanico, zoologo ed assimilati, conservatore dei musei, tecnico delle scienze quantitative ambientali e naturali, tecnico del controllo ambientale, tecnico agronomo e forestale, guida naturalistica.<\/p>\n<p>Di seguito sono riportate le Unit\u00e0 Professionali (NUP) a cui prepara il corso come codificate dell&#8217;<a href=\"https:\/\/www.istat.it\/\">Istituto Nazionale di Statistica<\/a>. Il codice tra parentesi indica la codifica ISTAT del NUP indicato.<\/p>\n<ol>\n<li>Tecnici del controllo ambientale (3.1.8.3.1)<\/li>\n<li>Tecnici forestali (3.2.2.1.2)<\/li>\n<li>Guide ed accompagnatori naturalistici e sportivi (3.4.1.5.1)<\/li>\n<li>Insegnanti nella formazione professionale (3.4.2.2.0)<\/li>\n<\/ol>\n<p>\u00c8 importante precisare che queste codifiche non significano che il laureato in Scienze Naturali trover\u00e0 sicuramente una occupazione in uno di questi ambiti, ma che il CdS pone le basi per lo svolgimento di queste professioni. E comunque non tutte, ma solo quelle che lo studente approfondir\u00e0 sulla base dei percorsi che sceglier\u00e0 durante la propria carriera (i.e., insegnamenti a libera scelta, attivit\u00e0 di tirocinio ed Tesi di Laurea).<\/p>\n","protected":false},"excerpt":{"rendered":"<p>Finalit\u00e0 di questo percorso (Classe L-32) \u00e8 preparare laureati in grado di operare in una realt\u00e0 complessa come quella degli ambienti naturali dove interagiscono fattori a variabilit\u00e0 multipla, attraverso una figura che abbia conoscenze e competenze largamente interdisciplinari. Il corso \u00e8 stato inoltre pensato in modo da fornire una solida\u2026<\/p>\n<p class=\"continue-reading-button\"> <a class=\"continue-reading-link\" href=\"https:\/\/www.scienzenaturali.unimore.it\/?page_id=15\">Continue reading<i class=\"crycon-right-dir\"><\/i><\/a><\/p>\n","protected":false},"author":4,"featured_media":0,"parent":7,"menu_order":70,"comment_status":"closed","ping_status":"closed","template":"","meta":{"footnotes":""},"class_list":["post-15","page","type-page","status-publish","hentry"],"_links":{"self":[{"href":"https:\/\/www.scienzenaturali.unimore.it\/index.php?rest_route=\/wp\/v2\/pages\/15","targetHints":{"allow":["GET"]}}],"collection":[{"href":"https:\/\/www.scienzenaturali.unimore.it\/index.php?rest_route=\/wp\/v2\/pages"}],"about":[{"href":"https:\/\/www.scienzenaturali.unimore.it\/index.php?rest_route=\/wp\/v2\/types\/page"}],"author":[{"embeddable":true,"href":"https:\/\/www.scienzenaturali.unimore.it\/index.php?rest_route=\/wp\/v2\/users\/4"}],"replies":[{"embeddable":true,"href":"https:\/\/www.scienzenaturali.unimore.it\/index.php?rest_route=%2Fwp%2Fv2%2Fcomments&post=15"}],"version-history":[{"count":9,"href":"https:\/\/www.scienzenaturali.unimore.it\/index.php?rest_route=\/wp\/v2\/pages\/15\/revisions"}],"predecessor-version":[{"id":1992,"href":"https:\/\/www.scienzenaturali.unimore.it\/index.php?rest_route=\/wp\/v2\/pages\/15\/revisions\/1992"}],"up":[{"embeddable":true,"href":"https:\/\/www.scienzenaturali.unimore.it\/index.php?rest_route=\/wp\/v2\/pages\/7"}],"wp:attachment":[{"href":"https:\/\/www.scienzenaturali.unimore.it\/index.php?rest_route=%2Fwp%2Fv2%2Fmedia&parent=15"}],"curies":[{"name":"wp","href":"https:\/\/api.w.org\/{rel}","templated":true}]}}