{"id":128,"date":"2016-12-22T14:48:23","date_gmt":"2016-12-22T14:48:23","guid":{"rendered":"http:\/\/www.terra.unimore.it\/scienzenaturali\/?page_id=128"},"modified":"2025-11-25T11:42:31","modified_gmt":"2025-11-25T11:42:31","slug":"tesi-di-laurea","status":"publish","type":"page","link":"https:\/\/www.scienzenaturali.unimore.it\/?page_id=128","title":{"rendered":"Tesi di laurea"},"content":{"rendered":"<div id=\"content\">\n<h1>La tesi di laurea<\/h1>\n<p>Per il conseguimento della Laurea in Scienze Naturali \u00e8 richiesta la presentazione e discussione di una relazione che verter\u00e0 su un progetto, comprendente di norma una parte sperimentale e di laboratorio, sviluppato sotto la supervisione di un docente relatore. Sono inoltre ammesse anche tesi di carattere bibliografico. La tesi, su richiesta dello studente, pu\u00f2 anche essere correlata alla attivit\u00e0 di tirocinio interno oppure esterno. La prova finale prevede la presentazione alla commissione di Laurea dell&#8217;elaborato della ricerca durante la seduta pubblica di esame di Laurea. Il Dipartimento metter\u00e0 a disposizione computer e proiettore per audio\/video, ferma restando la possibilit\u00e0 di utilizzo anche di altri mezzi prodotti dal laureando (ad es. carte tematiche, modellini, etc). Il tempo a disposizione per la presentazione \u00e8 di 15 minuti comprensivo di eventualmente domande da parte della commissione (si consiglia pertanto di preparare una presentazione della durata di circa 11-12 minuti). Le commissioni giudicatrici per la prova finale sono nominate dal Direttore del DSCG e, di norma, comprendono anche il relatore\/i di Tesi. Le modalit\u00e0 ed i criteri per la valutazione conclusiva, tengono conto dell&#8217;intera carriera dello studente (consulta il <a href=\"https:\/\/www.dscg.unimore.it\/site\/home\/dipartimento\/qualita\/documenti-del-cds-per-aq\/regolamenti-didattici-dei-cds\/documento1006052402.html\">regolamento del corso di studio<\/a> a riguardo). La tesi pu\u00f2 essere scritta sia in lingua italiana sia in lingua inglese. Nel secondo caso dovr\u00e0 essere predisposto anche un riassunto esteso del lavoro dell&#8217;attivit\u00e0 svolta in lingua italiana.<\/p>\n<p><strong>Utilizzo del logo UniMORE.<\/strong> A partire dal 01 dicembre 2025, accogliendo la richiesta di tanti studenti e studentesse, gli Organi Accademici hanno stabilito che il frontespizio delle tesi debba riportare il logo Unimore. Stabilisce infatti il comma 5 dell&#8217;art. 3: &#8220;Il Logo di Ateneo deve essere riprodotto ed apposto su tutti gli elaborati finali dei corsi di studio. Le studentesse e gli studenti dei Corsi di laurea, di specializzazione, di dottorato e master devono riportare sulla copertina e sul frontespizio delle tesi il Marchio di Ateneo, per l\u2019utilizzo del quale non devono richiedere alcuna autorizzazione. Il Marchio pu\u00f2 essere utilizzato anche nelle presentazioni utilizzate per la discussione della tesi, durante la seduta di laurea e nelle opportune sedi di presentazione della ricerca&#8221;. Ulteriori informazioni nella <a href=\"https:\/\/in.unimore.it\/studenti\/logo.html\">pagina dedicata<\/a>.<\/p>\n<p><strong>Se necessiti di ulteriori informazioni o chiarimenti tecnici sulla modalit\u00e0 di preparaione della presentazione, oltre a leggere attentamente quanto segue (url estreni inclusi), ti invitiamo a confrontarti con il tuo relatore e\/o correlatore.<\/strong><\/p>\n<h1>Scegliere la tesi di laurea<\/h1>\n<p>La tesi di laurea \u00e8 l&#8217;atto conclusivo del percorso triennale.\u00a0 Per scegliere la tesi \u00e8 oramai prassi consolidata che gli studenti svolgono una sorta di &#8220;ricognizione&#8221; presso i docenti degli insegnamenti che hanno maggiormente gradito durante il loro percorso chiedendo quali opportunit\u00e0 di tesi possono offrigli. Durante questi incontri i docenti forniranno informazioni dettagliate su quelli che saranno i temi (quindi incluse eventuali difficolt\u00e0) da affrontare per portare a termine la ricerca proposta; \u00e8 sottointeso che tutti questi temi rientrano rigorosamente tra gli obiettivi formativi preposti dal Corso di Studio.<\/p>\n<p>In <a href=\"https:\/\/www.scienzenaturali.unimore.it\/wp-content\/uploads\/2021\/06\/elenco_tesi_compilative.pdf\">questo documento<\/a> puoi trovare un elenco relativo ad alcune proposte per tesi di laurea di carattere compilativo. Ti invitiamo a consulatre i Docenti indicati per ulteriori informazioni.<\/p>\n<p style=\"text-align: center;\"><a href=\"https:\/\/www.scienzenaturali.unimore.it\/wp-content\/uploads\/2025\/11\/GUIDA-PER-LA-TESI-DI-LAUREA-pubblicato_251125.pdf\">SCARICA LE LINEE GUIDA PER LA TESI<\/a><\/p>\n<\/div>\n<div id=\"content\">\n<h1>Esempi di tesi di laurea discusse<\/h1>\n<p>A titolo di esempio, sono riportate alcune informazioni relative a Tesi di Laurea discusse in passato. Se vuoi avere ulteriori informazioni sugli argomenti trattati o valutare la possibilit\u00e0 di preparare una tesi di laurea che affronti tematiche ad essi correlate, puoi contattare i Relatori delle tesi.<\/p>\n<p><a title=\"Scarica i dettagli della tesi\" href=\"https:\/\/www.scienzenaturali.unimore.it\/tesipdf\/an-1.pdf\">AN-1 Profilo bioecologico delle zone umide nell&#8217;oasi \u00abIl Torrazzuolo\u00bb (Nonantola, MO): primo contributo<\/a><br \/>\n<a title=\"Scarica i dettagli della tesi\" href=\"https:\/\/www.scienzenaturali.unimore.it\/tesipdf\/an-2.pdf\">AN-2 Monitoraggio biologico del fiume secchia, confronto tra due indici: macroinvertebrati bentonici-metodo MULTIHABITAT, fauna ittica-metodo ISECI<\/a><br \/>\n<a title=\"Scarica i dettagli della tesi\" href=\"https:\/\/www.scienzenaturali.unimore.it\/tesipdf\/an-3.pdf\">AN-3 Il monitoraggio del fiume Panaro attraverso i bioindicatori \u00abmacrofite acquatiche\u00bb e \u00abmacrobenthos\u00bb: correlazione con il chimismo delle acque<\/a><br \/>\n<a title=\"Scarica i dettagli della tesi\" href=\"https:\/\/www.scienzenaturali.unimore.it\/tesipdf\/an-4.pdf\">AN-4 Variazioni della comunit\u00e0 a diatomee, in funzione dei parametri chimico-fisici, nel canale Solfero (Mantova)<\/a><br \/>\n<a title=\"Scarica i dettagli della tesi\" href=\"https:\/\/www.scienzenaturali.unimore.it\/tesipdf\/ca-1.pdf\">CA-1 Analisi d&#8217;immagine e verifica d&#8217;ipotesi nello studio del dimorfismo sessuale: un esempio in Marmota flaviventris<\/a><br \/>\n<a title=\"Scarica i dettagli della tesi\" href=\"https:\/\/www.scienzenaturali.unimore.it\/tesipdf\/da-1.pdf\">DA-1 Il parterre-scuola dell&#8217;orto botanico di Modena: indagini botaniche e proposte di valorizzazione espositiva<\/a><br \/>\n<a title=\"Scarica i dettagli della tesi\" href=\"https:\/\/www.scienzenaturali.unimore.it\/tesipdf\/da-2.pdf\">DA-2 Il Giardino storico di Villa Sorra a Castelfranco Emilia (MO): caratteri floristici ed ecologici della componente legnosa<\/a><br \/>\n<a title=\"Scarica i dettagli della tesi\" href=\"https:\/\/www.scienzenaturali.unimore.it\/tesipdf\/fi-1.pdf\">FI-1 \u00abMONDO GEOLOGIA\u00bb, un progetto didattico che propone alle scuole primarie e secondarie di primo grado un nuovo approccio alla materia<\/a><br \/>\n<a title=\"Scarica i dettagli della tesi\" href=\"https:\/\/www.scienzenaturali.unimore.it\/tesipdf\/fo-1.pdf\">FO-1 Caratterizzazione sedimentologica e composizionale dei suoli nella zona collinare modenese ai fini della tracciabilit\u00e0 dei prodotti enologici<\/a><br \/>\n<a title=\"Scarica i dettagli della tesi\" href=\"https:\/\/www.scienzenaturali.unimore.it\/tesipdf\/ma-1.pdf\">MA-1 Sostituzioni isomorfe in ottaedro e tetraedro di fillosilicati: implicazioni sui processi di alterazione superficiale<\/a><br \/>\n<a title=\"Scarica i dettagli della tesi\" href=\"https:\/\/www.scienzenaturali.unimore.it\/tesipdf\/sa-1.pdf\">SA-1 Il lupo (Canis lupus) sull&#8217;Appennino modenese: elaborazione dei dati rilevati nel corso di Progetti LIFE<\/a><br \/>\n<a title=\"Scarica i dettagli della tesi\" href=\"https:\/\/www.scienzenaturali.unimore.it\/tesipdf\/sa-2.pdf\">SA-2 Il Centro Recupero Animali Selvatici \u00abIl Pettirosso\u00bb: struttura e attivit\u00e0 in riferimento alla fauna locale<\/a><br \/>\n<a title=\"Scarica i dettagli della tesi\" href=\"https:\/\/www.scienzenaturali.unimore.it\/tesipdf\/sa-3.pdf\">SA-3 L&#8217;attivit\u00e0 svolta dal Centro recupero animali selvatici \u00abil Pettirosso\u00bb nella gestione degli animali esotici<\/a><br \/>\n<a title=\"Scarica i dettagli della tesi\" href=\"https:\/\/www.scienzenaturali.unimore.it\/tesipdf\/to-1.pdf\">TO-1 Caratterizzazione della meiofauna nel monitoriaggio di un rigassificatore al largo della costa tirrenica: fase di bianco<\/a><\/p>\n<\/div>\n","protected":false},"excerpt":{"rendered":"<p>La tesi di laurea Per il conseguimento della Laurea in Scienze Naturali \u00e8 richiesta la presentazione e discussione di una relazione che verter\u00e0 su un progetto, comprendente di norma una parte sperimentale e di laboratorio, sviluppato sotto la supervisione di un docente relatore. Sono inoltre ammesse anche tesi di carattere\u2026<\/p>\n<p class=\"continue-reading-button\"> <a class=\"continue-reading-link\" href=\"https:\/\/www.scienzenaturali.unimore.it\/?page_id=128\">Continue reading<i class=\"crycon-right-dir\"><\/i><\/a><\/p>\n","protected":false},"author":4,"featured_media":0,"parent":63,"menu_order":80,"comment_status":"closed","ping_status":"closed","template":"","meta":{"footnotes":""},"class_list":["post-128","page","type-page","status-publish","hentry"],"_links":{"self":[{"href":"https:\/\/www.scienzenaturali.unimore.it\/index.php?rest_route=\/wp\/v2\/pages\/128","targetHints":{"allow":["GET"]}}],"collection":[{"href":"https:\/\/www.scienzenaturali.unimore.it\/index.php?rest_route=\/wp\/v2\/pages"}],"about":[{"href":"https:\/\/www.scienzenaturali.unimore.it\/index.php?rest_route=\/wp\/v2\/types\/page"}],"author":[{"embeddable":true,"href":"https:\/\/www.scienzenaturali.unimore.it\/index.php?rest_route=\/wp\/v2\/users\/4"}],"replies":[{"embeddable":true,"href":"https:\/\/www.scienzenaturali.unimore.it\/index.php?rest_route=%2Fwp%2Fv2%2Fcomments&post=128"}],"version-history":[{"count":18,"href":"https:\/\/www.scienzenaturali.unimore.it\/index.php?rest_route=\/wp\/v2\/pages\/128\/revisions"}],"predecessor-version":[{"id":2172,"href":"https:\/\/www.scienzenaturali.unimore.it\/index.php?rest_route=\/wp\/v2\/pages\/128\/revisions\/2172"}],"up":[{"embeddable":true,"href":"https:\/\/www.scienzenaturali.unimore.it\/index.php?rest_route=\/wp\/v2\/pages\/63"}],"wp:attachment":[{"href":"https:\/\/www.scienzenaturali.unimore.it\/index.php?rest_route=%2Fwp%2Fv2%2Fmedia&parent=128"}],"curies":[{"name":"wp","href":"https:\/\/api.w.org\/{rel}","templated":true}]}}