{"id":108,"date":"2016-12-22T14:34:01","date_gmt":"2016-12-22T14:34:01","guid":{"rendered":"http:\/\/www.terra.unimore.it\/scienzenaturali\/?page_id=108"},"modified":"2021-11-19T15:43:38","modified_gmt":"2021-11-19T15:43:38","slug":"indicatori-di-qualita","status":"publish","type":"page","link":"https:\/\/www.scienzenaturali.unimore.it\/?page_id=108","title":{"rendered":"Indicatori di qualit\u00e0"},"content":{"rendered":"<p>Ogni Corso di Studio ha precise responsabilit\u00e0 istituzionali nei confronti dei propri studenti che consistono, essenzialmente, nella capacit\u00e0 di fornire attivit\u00e0 di: i) orientamento, inteso come atteggiamento formale finalizzato alla verifica delle attivit\u00e0 preposte e proposte; ii) assistenza, intesa come atteggiamento empatico orientato all&#8217;ascolto e alla compressione e risoluzione dei problemi e meno attento agli aspetti formali. Pertanto il gruppo di lavoro incaricato alla gestione e sorveglianza della qualit\u00e0 svolger\u00e0 una costante attivit\u00e0 di monitoraggio dell&#8217;offerta formativa e della qualit\u00e0 della didattica nonch\u00e9 dell&#8217;attivit\u00e0 di servizio agli studenti da parte dei Docenti e dell&#8217;Ateneo. A tal fine \u00e8 stato scelto di monitorare i seguenti standard di riferimento:<br \/>\n1) Attivit\u00e0 di orientamento in fase di pre-immatricolazione e post-iscrizione, per quest&#8217;ultima anche ricorrendo all&#8217;aiuto di studenti assunti come tutor didattici.<br \/>\n3) Adeguato supporto logistico agli studenti inteso come indicazione sulla sua reperibilit\u00e0 preferendo risorse open-access e\/o fornitura diretta di materiale didattico.<br \/>\n4) Sistema informativo costantemente aggiornato attraverso la pagina web del Corso di Studio.<br \/>\n5) Fornitura periodica di opportuni indicatori per la valutazione dei risultati conseguiti.<\/p>\n<p>E&#8217; stata presa in esame la possibilit\u00e0 di un continuo confronto con il Presidio di Alta Qualit\u00e0 di Ateneo (PQA) al fine di integrare e confrontare punti di forza e criticit\u00e0 emerse nell&#8217;ambito del Corso di Studio di Scienze Naturali con quelle di altri Corsi di Studio. Questo confronto dovrebbe permettere al PQA di darsi degli obiettivi che rispondano alle esigenze delle parti interessate (soprattutto studenti) e di valutarne il grado di conseguimento, di comunicare in modo semplice, trasparente e condiviso i risultati raggiunti e le modalit\u00e0 impiegate per ottenerli.<\/p>\n<p>Per ulteriori dettagli si veda anche <a href=\"https:\/\/www.dscg.unimore.it\/site\/home\/dipartimento\/qualita.html\"><strong>Qualit\u00e0 @ DSCG<\/strong><\/a><\/p>\n","protected":false},"excerpt":{"rendered":"<p>Ogni Corso di Studio ha precise responsabilit\u00e0 istituzionali nei confronti dei propri studenti che consistono, essenzialmente, nella capacit\u00e0 di fornire attivit\u00e0 di: i) orientamento, inteso come atteggiamento formale finalizzato alla verifica delle attivit\u00e0 preposte e proposte; ii) assistenza, intesa come atteggiamento empatico orientato all&#8217;ascolto e alla compressione e risoluzione dei\u2026<\/p>\n<p class=\"continue-reading-button\"> <a class=\"continue-reading-link\" href=\"https:\/\/www.scienzenaturali.unimore.it\/?page_id=108\">Continue reading<i class=\"crycon-right-dir\"><\/i><\/a><\/p>\n","protected":false},"author":4,"featured_media":0,"parent":100,"menu_order":0,"comment_status":"closed","ping_status":"closed","template":"","meta":{"footnotes":""},"class_list":["post-108","page","type-page","status-publish","hentry"],"_links":{"self":[{"href":"https:\/\/www.scienzenaturali.unimore.it\/index.php?rest_route=\/wp\/v2\/pages\/108","targetHints":{"allow":["GET"]}}],"collection":[{"href":"https:\/\/www.scienzenaturali.unimore.it\/index.php?rest_route=\/wp\/v2\/pages"}],"about":[{"href":"https:\/\/www.scienzenaturali.unimore.it\/index.php?rest_route=\/wp\/v2\/types\/page"}],"author":[{"embeddable":true,"href":"https:\/\/www.scienzenaturali.unimore.it\/index.php?rest_route=\/wp\/v2\/users\/4"}],"replies":[{"embeddable":true,"href":"https:\/\/www.scienzenaturali.unimore.it\/index.php?rest_route=%2Fwp%2Fv2%2Fcomments&post=108"}],"version-history":[{"count":2,"href":"https:\/\/www.scienzenaturali.unimore.it\/index.php?rest_route=\/wp\/v2\/pages\/108\/revisions"}],"predecessor-version":[{"id":1575,"href":"https:\/\/www.scienzenaturali.unimore.it\/index.php?rest_route=\/wp\/v2\/pages\/108\/revisions\/1575"}],"up":[{"embeddable":true,"href":"https:\/\/www.scienzenaturali.unimore.it\/index.php?rest_route=\/wp\/v2\/pages\/100"}],"wp:attachment":[{"href":"https:\/\/www.scienzenaturali.unimore.it\/index.php?rest_route=%2Fwp%2Fv2%2Fmedia&parent=108"}],"curies":[{"name":"wp","href":"https:\/\/api.w.org\/{rel}","templated":true}]}}