{"id":104,"date":"2016-12-22T14:33:09","date_gmt":"2016-12-22T14:33:09","guid":{"rendered":"http:\/\/www.terra.unimore.it\/scienzenaturali\/?page_id=104"},"modified":"2019-06-28T09:51:39","modified_gmt":"2019-06-28T09:51:39","slug":"orientamento-e-assistenza","status":"publish","type":"page","link":"https:\/\/www.scienzenaturali.unimore.it\/?page_id=104","title":{"rendered":"Orientamento e assistenza"},"content":{"rendered":"<div id=\"content\">\n<h3>Attivit\u00e0 di orientamento ed assistenza durante il tuo percorso di Laurea<\/h3>\n<p>L&#8217;Ateneo gestisce un servizio di assistenza e tutorato in itinere attraverso l&#8217;Ufficio Orientamento che ha tra i suoi compiti anche la consulenza individuale \u00abper chi \u00e8 in difficolt\u00e0 nel corso degli studi\u00ab (http:\/\/www.unimore.it\/ServiziStudenti\/orientamento.html) L&#8217;attivit\u00e0 di tutorato \u00e8 svolta anche dal CdS in Scienze Naturali attraverso la propria Commissioni di tutorato e\/o i tutors individuali. Le attivit\u00e0 svolte nell&#8217;ambito del servizio offerto dal CdS consistono nel seguire le carriere degli studenti intervenendo con efficacia sia come CdS che come singolo Docente, ovunque si riscontrino problemi di varia natura. Il servizio tutorato \u00e8 particolarmente richiesto dagli studenti lavoratori o comunque dagli studenti che non sono in grado di frequentare con assiduit\u00e0 le attivit\u00e0 formative. I tutors del CdS mettono in contatto gli studenti con i Docenti responsabili delle attivit\u00e0 formative, incentivando i supporti alla didattica che possono essere utili per chi non \u00e8 abituale frequentatore. Poich\u00e9 tradizionalmente il CdS accoglie numerosi studenti lavoratori, per quanto non siano possibili per carenza di personale corsi ad hoc in orari non tradizionali, i Docenti del CdS hanno predisposto in generale supporti didattici atti a superare la mancanza di frequenza. Molti Docenti inoltre predispongono, su richiesta, brevi cicli di recupero di esercitazioni, non istituzionalizzati, ma che possono rientrare nei doveri di tutoraggio richiesti ad ogni Docente. Attraverso tali supporti gli studenti sono in grado di completare ed arricchire la preparazione offerta dai tradizionali libri di testo. L&#8217;efficacia del servizio di tutorato \u00e8 confermata dalle numerose iscrizioni di studenti lavoratori, talora gi\u00e0 in possesso di altra laurea, che riescono a inserirsi pienamente nell&#8217;ambito del CdS, giungendo a laurearsi con tempistiche di poco superiori a quelle degli studenti \u00abnon-lavoratori\u00bb.<\/p>\n<\/div>\n","protected":false},"excerpt":{"rendered":"<p>Attivit\u00e0 di orientamento ed assistenza durante il tuo percorso di Laurea L&#8217;Ateneo gestisce un servizio di assistenza e tutorato in itinere attraverso l&#8217;Ufficio Orientamento che ha tra i suoi compiti anche la consulenza individuale \u00abper chi \u00e8 in difficolt\u00e0 nel corso degli studi\u00ab (http:\/\/www.unimore.it\/ServiziStudenti\/orientamento.html) L&#8217;attivit\u00e0 di tutorato \u00e8 svolta anche\u2026<\/p>\n<p class=\"continue-reading-button\"> <a class=\"continue-reading-link\" href=\"https:\/\/www.scienzenaturali.unimore.it\/?page_id=104\">Continue reading<i class=\"crycon-right-dir\"><\/i><\/a><\/p>\n","protected":false},"author":4,"featured_media":0,"parent":126,"menu_order":30,"comment_status":"closed","ping_status":"closed","template":"","meta":{"footnotes":""},"class_list":["post-104","page","type-page","status-publish","hentry"],"_links":{"self":[{"href":"https:\/\/www.scienzenaturali.unimore.it\/index.php?rest_route=\/wp\/v2\/pages\/104","targetHints":{"allow":["GET"]}}],"collection":[{"href":"https:\/\/www.scienzenaturali.unimore.it\/index.php?rest_route=\/wp\/v2\/pages"}],"about":[{"href":"https:\/\/www.scienzenaturali.unimore.it\/index.php?rest_route=\/wp\/v2\/types\/page"}],"author":[{"embeddable":true,"href":"https:\/\/www.scienzenaturali.unimore.it\/index.php?rest_route=\/wp\/v2\/users\/4"}],"replies":[{"embeddable":true,"href":"https:\/\/www.scienzenaturali.unimore.it\/index.php?rest_route=%2Fwp%2Fv2%2Fcomments&post=104"}],"version-history":[{"count":1,"href":"https:\/\/www.scienzenaturali.unimore.it\/index.php?rest_route=\/wp\/v2\/pages\/104\/revisions"}],"predecessor-version":[{"id":105,"href":"https:\/\/www.scienzenaturali.unimore.it\/index.php?rest_route=\/wp\/v2\/pages\/104\/revisions\/105"}],"up":[{"embeddable":true,"href":"https:\/\/www.scienzenaturali.unimore.it\/index.php?rest_route=\/wp\/v2\/pages\/126"}],"wp:attachment":[{"href":"https:\/\/www.scienzenaturali.unimore.it\/index.php?rest_route=%2Fwp%2Fv2%2Fmedia&parent=104"}],"curies":[{"name":"wp","href":"https:\/\/api.w.org\/{rel}","templated":true}]}}